{"id":627,"date":"2025-10-13T08:32:22","date_gmt":"2025-10-13T08:32:22","guid":{"rendered":"https:\/\/citizenscop.net\/2025\/?page_id=627"},"modified":"2025-11-18T12:17:39","modified_gmt":"2025-11-18T11:17:39","slug":"anmeldung","status":"publish","type":"page","link":"https:\/\/citizenscop.net\/2025\/anmeldung\/","title":{"rendered":"Anmeldung !"},"content":{"rendered":"\n<h2 class=\"wp-block-heading\">Ja<em>! <\/em><br>ich will bei der ersten citizensCOP dabei sein&#8230;<\/h2>\n\n\n<div class=\"wp-block-image\">\n<figure class=\"alignright size-full is-resized\"><img loading=\"lazy\" decoding=\"async\" width=\"269\" height=\"327\" src=\"https:\/\/citizenscop.net\/2025\/wp-content\/uploads\/2025\/10\/citizensCOP.net_superSkater_vier-Musketiere_269.jpg\" alt=\"\" class=\"wp-image-747\" style=\"width:123px;height:auto\" srcset=\"https:\/\/citizenscop.net\/2025\/wp-content\/uploads\/2025\/10\/citizensCOP.net_superSkater_vier-Musketiere_269.jpg 269w, https:\/\/citizenscop.net\/2025\/wp-content\/uploads\/2025\/10\/citizensCOP.net_superSkater_vier-Musketiere_269-247x300.jpg 247w\" sizes=\"auto, (max-width: 269px) 100vw, 269px\" \/><\/figure>\n<\/div>\n\n\n<ul class=\"wp-block-list\">\n<li>Hier unten ist das <strong>citizensCOP Anmelde-Formular<\/strong> &#8230; <br>Felder mit einem <strong><span style=\"color:red\">*<\/span>Sternchen<\/strong> sind unbedingt notwendig, bitte trage f\u00fcr alle F\u00e4lle zwei Kontaktm\u00f6glichkeiten ein ;~)<\/li>\n\n\n\n<li>Wenn Du die <strong>citizensCOP unterst\u00fctzen <\/strong>und\/oder <strong>eigene Programm-Beitr\u00e4ge<\/strong> (z.B. Input oder Workshop) einreichen willst, <br>nutze bitte <strong><a href=\"https:\/\/citizenscop.net\/2025\/mitmachen\/\">dieses Mitmach-Formular&#8230;<\/a><\/strong><\/li>\n<\/ul>\n\n\n\n<div class=\"wpcf7 no-js\" id=\"wpcf7-f626-o1\" lang=\"de-DE\" dir=\"ltr\" data-wpcf7-id=\"626\">\n<div class=\"screen-reader-response\"><p role=\"status\" aria-live=\"polite\" aria-atomic=\"true\"><\/p> <ul><\/ul><\/div>\n<form action=\"\/2025\/wp-json\/wp\/v2\/pages\/627#wpcf7-f626-o1\" method=\"post\" class=\"wpcf7-form init\" aria-label=\"Kontaktformular\" novalidate=\"novalidate\" data-status=\"init\">\n<fieldset class=\"hidden-fields-container\"><input type=\"hidden\" name=\"_wpcf7\" value=\"626\" \/><input type=\"hidden\" name=\"_wpcf7_version\" value=\"6.1.5\" \/><input type=\"hidden\" name=\"_wpcf7_locale\" value=\"de_DE\" \/><input type=\"hidden\" name=\"_wpcf7_unit_tag\" value=\"wpcf7-f626-o1\" \/><input type=\"hidden\" name=\"_wpcf7_container_post\" value=\"0\" \/><input type=\"hidden\" name=\"_wpcf7_posted_data_hash\" value=\"\" \/>\n<\/fieldset>\n\n<p><span style=\"color:green\">~ ~ ~ ~ ~ ~ ~ ~ ~ ~ ~ ~ ~ ~ ~ ~ ~ ~ ~ ~ ~ ~ ~ ~ <\/span>\n<\/p>\n<p><label> <b>Anrede<\/b><br \/>\n<span class=\"wpcf7-form-control-wrap\" data-name=\"anrede\"><select class=\"wpcf7-form-control wpcf7-select\" aria-invalid=\"false\" name=\"anrede\"><option value=\"bitte ausw\u00e4hlen...\">bitte ausw\u00e4hlen...<\/option><option value=\"Du\">Du<\/option><option value=\"Frau\">Frau<\/option><option value=\"Herr\">Herr<\/option><\/select><\/span> <\/label><br \/>\n<label> <b>Titel<\/b><br \/>\n<span class=\"wpcf7-form-control-wrap\" data-name=\"titel\"><input size=\"40\" maxlength=\"400\" class=\"wpcf7-form-control wpcf7-text\" aria-invalid=\"false\" value=\"\" type=\"text\" name=\"titel\" \/><\/span> <\/label><br \/>\n<label> <b>Vorname<span style=\"color:red\">*<\/span><\/b><br \/>\n<span class=\"wpcf7-form-control-wrap\" data-name=\"your-name\"><input size=\"40\" maxlength=\"400\" class=\"wpcf7-form-control wpcf7-text wpcf7-validates-as-required\" aria-required=\"true\" aria-invalid=\"false\" value=\"\" type=\"text\" name=\"your-name\" \/><\/span> <\/label><br \/>\n<label> <b>Nachname<span style=\"color:red\">*<\/span><\/b><br \/>\n<span class=\"wpcf7-form-control-wrap\" data-name=\"your-subject\"><input size=\"40\" maxlength=\"400\" class=\"wpcf7-form-control wpcf7-text wpcf7-validates-as-required\" aria-required=\"true\" aria-invalid=\"false\" value=\"\" type=\"text\" name=\"your-subject\" \/><\/span> <\/label>\n<\/p>\n<p><label> <b>Organisation<\/b><br \/>\n<span class=\"wpcf7-form-control-wrap\" data-name=\"orga\"><input size=\"40\" maxlength=\"400\" class=\"wpcf7-form-control wpcf7-text\" aria-invalid=\"false\" value=\"\" type=\"text\" name=\"orga\" \/><\/span> <\/label><br \/>\n<label> <b>PLZ & Ort<\/b><br \/>\n<span class=\"wpcf7-form-control-wrap\" data-name=\"plz\"><input size=\"40\" maxlength=\"400\" class=\"wpcf7-form-control wpcf7-text\" aria-invalid=\"false\" value=\"\" type=\"text\" name=\"plz\" \/><\/span> <\/label>\n<\/p>\n<p><label> <b>E-Mail<span style=\"color:red\">*<\/span> <\/b><br \/>\n<span class=\"wpcf7-form-control-wrap\" data-name=\"your-email\"><input size=\"40\" maxlength=\"400\" class=\"wpcf7-form-control wpcf7-email wpcf7-validates-as-required wpcf7-text wpcf7-validates-as-email\" aria-required=\"true\" aria-invalid=\"false\" value=\"\" type=\"email\" name=\"your-email\" \/><\/span> <\/label><br \/>\n<label> <b>weitere Kontaktm\u00f6glichkeit <\/b><br \/>\n(Tel, Signal, WhatsApp, Social Media...)<br \/>\n<span class=\"wpcf7-form-control-wrap\" data-name=\"contacto\"><input size=\"40\" maxlength=\"400\" class=\"wpcf7-form-control wpcf7-text\" aria-invalid=\"false\" value=\"\" type=\"text\" name=\"contacto\" \/><\/span> <\/label>\n<\/p>\n<p><b>meine Themen<\/b><br \/>\n(<span style=\"color:green\">Mehrfachauswahl ~ Strg-Taste + Mausklick<\/span>)<br \/>\n<label> <span class=\"wpcf7-form-control-wrap\" data-name=\"themen\"><select class=\"wpcf7-form-control wpcf7-select\" aria-invalid=\"false\" multiple=\"multiple\" name=\"themen[]\"><option value=\"Demokratie\">Demokratie<\/option><option value=\"Menschenrechte\">Menschenrechte<\/option><option value=\"Umwelt-&amp; Klimaschutz\">Umwelt-&amp; Klimaschutz<\/option><option value=\"Globale Entwicklung\">Globale Entwicklung<\/option><option value=\"Energiewende\">Energiewende<\/option><option value=\"Agrarwende &amp; Ern\u00e4hrung\">Agrarwende &amp; Ern\u00e4hrung<\/option><option value=\"Kreislaufwirtschaft\">Kreislaufwirtschaft<\/option><option value=\"Mobilit\u00e4tswende\">Mobilit\u00e4tswende<\/option><option value=\"Entschleunigung\">Entschleunigung<\/option><option value=\"DIY do it yourself\">DIY do it yourself<\/option><option value=\"Bauwende\">Bauwende<\/option><option value=\"Finanzwende\">Finanzwende<\/option><option value=\"Bildung &amp; Forschung\">Bildung &amp; Forschung<\/option><option value=\"Kunst und Kultur\">Kunst und Kultur<\/option><option value=\"neue Narrative\">neue Narrative<\/option><option value=\"Nachhaltigkeit allgem.\">Nachhaltigkeit allgem.<\/option><option value=\"andere Themen...\">andere Themen...<\/option><\/select><\/span> <\/label>\n<\/p>\n<p><b>Teilnahme online Mo. 27.10. bis Do. 30.10., jeweils 16-21 Uhr<\/b><br \/>\n<label> <span class=\"wpcf7-form-control-wrap\" data-name=\"mo_do\"><span class=\"wpcf7-form-control wpcf7-checkbox\"><span class=\"wpcf7-list-item first last\"><label><input type=\"checkbox\" name=\"mo_do[]\" value=\"_\" \/><span class=\"wpcf7-list-item-label\">_<\/span><\/label><\/span><\/span><\/span> <b> Ja, ich m\u00f6chte online teilnehmen!<\/b><\/label>\n<\/p>\n<p><b>Teilnahme am Samstag 1.11. in Berlin 9:30-19:00 Uhr<\/b><br \/>\n<label> <span class=\"wpcf7-form-control-wrap\" data-name=\"sams\"><span class=\"wpcf7-form-control wpcf7-checkbox\"><span class=\"wpcf7-list-item first last\"><label><input type=\"checkbox\" name=\"sams[]\" value=\"_\" \/><span class=\"wpcf7-list-item-label\">_<\/span><\/label><\/span><\/span><\/span> <b> Ja, ich m\u00f6chte am Samstag vor Ort mitmachen!<\/b><\/label>\n<\/p>\n<p><b>Teilnahme am Sonntag 2.11. in Berlin 9:30-14:30 Uhr<\/b><br \/>\n<label> <span class=\"wpcf7-form-control-wrap\" data-name=\"sonnt\"><span class=\"wpcf7-form-control wpcf7-checkbox\"><span class=\"wpcf7-list-item first last\"><label><input type=\"checkbox\" name=\"sonnt[]\" value=\"_\" \/><span class=\"wpcf7-list-item-label\">_<\/span><\/label><\/span><\/span><\/span> <b> Ja, ich m\u00f6chte am Sonntag vor Ort mitmachen!<\/b><\/label>\n<\/p>\n<p><label> <b>Nachricht f\u00fcr weitere Fragen, W\u00fcnsche und Ideen... <\/b><br \/>\n<span class=\"wpcf7-form-control-wrap\" data-name=\"your-message\"><textarea cols=\"40\" rows=\"10\" maxlength=\"2000\" class=\"wpcf7-form-control wpcf7-textarea\" aria-invalid=\"false\" name=\"your-message\"><\/textarea><\/span> <\/label>\n<\/p>\n<p><label> <span class=\"wpcf7-form-control-wrap\" data-name=\"newsletter\"><span class=\"wpcf7-form-control wpcf7-checkbox\"><span class=\"wpcf7-list-item first last\"><label><input type=\"checkbox\" name=\"newsletter[]\" value=\"_\" \/><span class=\"wpcf7-list-item-label\">_<\/span><\/label><\/span><\/span><\/span> <b>eMail-Newsletter abonnieren:<\/b> Ja, ich m\u00f6chte auch nach der ersten citizensCOP \u00fcber zuk\u00fcnftige Events und die neuesten News informiert werden! <\/label><br \/>\n<label> <span class=\"wpcf7-form-control-wrap\" data-name=\"datenschutz\"><span class=\"wpcf7-form-control wpcf7-checkbox wpcf7-validates-as-required\"><span class=\"wpcf7-list-item first last\"><label><input type=\"checkbox\" name=\"datenschutz[]\" value=\"_\" \/><span class=\"wpcf7-list-item-label\">_<\/span><\/label><\/span><\/span><\/span> <b>Datenschutz <span style=\"color:red\">*<\/span> <\/b> (bitte best\u00e4tigen) Die hier erhobenen Daten werden ausschlie\u00dflich im Rahmen der citizensCOP genutzt und nicht an Dritte weitergegeben.<\/label>\n<\/p>\n<p><span class=\"wpcf7-form-control-wrap kc_captcha\" data-name=\"kc_captcha\"><span class=\"wpcf7-form-control wpcf7-radio\"><span class=\"captcha-image\" ><span class=\"cf7ic_instructions\">Bitte beweise, dass du kein Spambot bist und w\u00e4hle das Symbol<span> Auto<\/span>.<\/span><label><input aria-label=\"1\" type=\"radio\" name=\"kc_captcha\" value=\"kc_human\" \/><svg aria-hidden=\"true\" role=\"img\" xmlns=\"http:\/\/www.w3.org\/2000\/svg\" viewBox=\"0 0 512 512\"><path fill=\"currentColor\" d=\"M500 168h-55l-8-21a127 127 0 00-120-83H195a127 127 0 00-120 83l-8 21H12c-8 0-14 8-11 16l8 24a12 12 0 0011 8h29a64 64 0 00-33 56v48c0 16 6 31 16 42v62c0 13 11 24 24 24h48c13 0 24-11 24-24v-40h256v40c0 13 11 24 24 24h48c13 0 24-11 24-24v-62c10-11 16-26 16-42v-48c0-24-13-45-33-56h29a12 12 0 0011-8l8-24c3-8-3-16-11-16zm-365 2c9-25 33-42 60-42h122c27 0 51 17 60 42l15 38H120l15-38zM88 328a32 32 0 010-64c18 0 48 30 48 48s-30 16-48 16zm336 0c-18 0-48 2-48-16s30-48 48-48 32 14 32 32-14 32-32 32z\"\/><\/svg><\/label><label><input aria-label=\"2\" type=\"radio\" name=\"kc_captcha\" value=\"bot\" \/><svg aria-hidden=\"true\" role=\"img\" xmlns=\"http:\/\/www.w3.org\/2000\/svg\" viewBox=\"0 0 512 512\"><path fill=\"currentColor\" d=\"M512 176a176 176 0 01-209 173l-24 27a24 24 0 01-18 8h-37v40c0 13-11 24-24 24h-40v40c0 13-11 24-24 24H24c-13 0-24-11-24-24v-78c0-6 3-13 7-17l162-162a176 176 0 11343-55zm-176-48a48 48 0 1096 0 48 48 0 00-96 0z\"\/><\/svg><\/label><label><input aria-label=\"3\" type=\"radio\" name=\"kc_captcha\" value=\"bot\" \/><svg aria-hidden=\"true\" role=\"img\" xmlns=\"http:\/\/www.w3.org\/2000\/svg\" viewBox=\"0 0 384 512\"><path fill=\"currentColor\" d=\"M377 375l-83-87h34c21 0 32-25 17-40l-82-88h33c21 0 32-25 18-40L210 8c-10-11-26-11-36 0L70 120c-14 15-3 40 18 40h33l-82 88c-15 15-4 40 17 40h34L7 375c-15 16-4 41 17 41h120c0 33-11 49-34 68-12 9-5 28 10 28h144c15 0 22-19 10-28-20-16-34-32-34-68h120c21 0 32-25 17-41z\"\/><\/svg><\/label>\r\n    <\/span>\r\n    <span style=\"display:none\">\r\n        <input type=\"text\" name=\"kc_honeypot\">\r\n    <\/span><\/span><\/span><br \/>\n<input class=\"wpcf7-form-control wpcf7-submit has-spinner\" type=\"submit\" value=\"Senden\" \/>\n<\/p><div class=\"wpcf7-response-output\" aria-hidden=\"true\"><\/div>\n<\/form>\n<\/div>\n\n\n\n\n<p>Deine Angaben werden ausgewertet und Du bekommst dann schnellstm\u00f6glich weitere Infos zugeschickt ;~) <\/p>\n\n\n\n<figure class=\"wp-block-image size-full is-resized\"><img loading=\"lazy\" decoding=\"async\" width=\"199\" height=\"176\" src=\"https:\/\/citizenscop.net\/2025\/wp-content\/uploads\/2025\/09\/icon_message-in-a-bottle_flaschenpost.png\" alt=\"\" class=\"wp-image-167\" style=\"width:135px;height:auto\"\/><\/figure>\n\n\n\n<p><\/p>\n","protected":false},"excerpt":{"rendered":"<p>Ja! ich will bei der ersten citizensCOP dabei sein&#8230; Deine Angaben werden ausgewertet und Du bekommst dann schnellstm\u00f6glich weitere Infos zugeschickt ;~)<\/p>\n","protected":false},"author":1,"featured_media":0,"parent":0,"menu_order":0,"comment_status":"closed","ping_status":"closed","template":"","meta":{"footnotes":""},"class_list":["post-627","page","type-page","status-publish","hentry"],"yoast_head":"<!-- This site is optimized with the Yoast SEO plugin v27.5 - https:\/\/yoast.com\/product\/yoast-seo-wordpress\/ -->\n<title>Anmeldung ! - citizensCOP 2025<\/title>\n<meta name=\"robots\" content=\"index, follow, max-snippet:-1, max-image-preview:large, max-video-preview:-1\" \/>\n<link rel=\"canonical\" href=\"https:\/\/citizenscop.net\/2025\/anmeldung\/\" \/>\n<meta property=\"og:locale\" content=\"de_DE\" \/>\n<meta property=\"og:type\" content=\"article\" \/>\n<meta property=\"og:title\" content=\"Anmeldung ! - citizensCOP 2025\" \/>\n<meta property=\"og:description\" content=\"Ja! ich will bei der ersten citizensCOP dabei sein&#8230; Deine Angaben werden ausgewertet und Du bekommst dann schnellstm\u00f6glich weitere Infos zugeschickt ;~)\" \/>\n<meta property=\"og:url\" content=\"https:\/\/citizenscop.net\/2025\/anmeldung\/\" \/>\n<meta property=\"og:site_name\" content=\"citizensCOP 2025\" \/>\n<meta property=\"article:modified_time\" content=\"2025-11-18T11:17:39+00:00\" \/>\n<meta property=\"og:image\" content=\"https:\/\/citizenscop.net\/2025\/wp-content\/uploads\/2025\/10\/citizensCOP.net_superSkater_vier-Musketiere_269.jpg\" \/>\n\t<meta property=\"og:image:width\" content=\"269\" \/>\n\t<meta property=\"og:image:height\" content=\"327\" \/>\n\t<meta property=\"og:image:type\" content=\"image\/jpeg\" \/>\n<meta name=\"twitter:card\" content=\"summary_large_image\" \/>\n<meta name=\"twitter:label1\" content=\"Gesch\u00e4tzte Lesezeit\" \/>\n\t<meta name=\"twitter:data1\" content=\"1\u00a0Minute\" \/>\n<script type=\"application\/ld+json\" class=\"yoast-schema-graph\">{\"@context\":\"https:\\\/\\\/schema.org\",\"@graph\":[{\"@type\":\"WebPage\",\"@id\":\"https:\\\/\\\/citizenscop.net\\\/2025\\\/anmeldung\\\/\",\"url\":\"https:\\\/\\\/citizenscop.net\\\/2025\\\/anmeldung\\\/\",\"name\":\"Anmeldung ! - citizensCOP 2025\",\"isPartOf\":{\"@id\":\"https:\\\/\\\/citizenscop.net\\\/2025\\\/#website\"},\"primaryImageOfPage\":{\"@id\":\"https:\\\/\\\/citizenscop.net\\\/2025\\\/anmeldung\\\/#primaryimage\"},\"image\":{\"@id\":\"https:\\\/\\\/citizenscop.net\\\/2025\\\/anmeldung\\\/#primaryimage\"},\"thumbnailUrl\":\"https:\\\/\\\/citizenscop.net\\\/2025\\\/wp-content\\\/uploads\\\/2025\\\/10\\\/citizensCOP.net_superSkater_vier-Musketiere_269.jpg\",\"datePublished\":\"2025-10-13T08:32:22+00:00\",\"dateModified\":\"2025-11-18T11:17:39+00:00\",\"breadcrumb\":{\"@id\":\"https:\\\/\\\/citizenscop.net\\\/2025\\\/anmeldung\\\/#breadcrumb\"},\"inLanguage\":\"de\",\"potentialAction\":[{\"@type\":\"ReadAction\",\"target\":[\"https:\\\/\\\/citizenscop.net\\\/2025\\\/anmeldung\\\/\"]}]},{\"@type\":\"ImageObject\",\"inLanguage\":\"de\",\"@id\":\"https:\\\/\\\/citizenscop.net\\\/2025\\\/anmeldung\\\/#primaryimage\",\"url\":\"https:\\\/\\\/citizenscop.net\\\/2025\\\/wp-content\\\/uploads\\\/2025\\\/10\\\/citizensCOP.net_superSkater_vier-Musketiere_269.jpg\",\"contentUrl\":\"https:\\\/\\\/citizenscop.net\\\/2025\\\/wp-content\\\/uploads\\\/2025\\\/10\\\/citizensCOP.net_superSkater_vier-Musketiere_269.jpg\",\"width\":269,\"height\":327},{\"@type\":\"BreadcrumbList\",\"@id\":\"https:\\\/\\\/citizenscop.net\\\/2025\\\/anmeldung\\\/#breadcrumb\",\"itemListElement\":[{\"@type\":\"ListItem\",\"position\":1,\"name\":\"Startseite\",\"item\":\"https:\\\/\\\/citizenscop.net\\\/2025\\\/\"},{\"@type\":\"ListItem\",\"position\":2,\"name\":\"Anmeldung !\"}]},{\"@type\":\"WebSite\",\"@id\":\"https:\\\/\\\/citizenscop.net\\\/2025\\\/#website\",\"url\":\"https:\\\/\\\/citizenscop.net\\\/2025\\\/\",\"name\":\"citizensCOP 2025\",\"description\":\"self-organized into a just future\",\"potentialAction\":[{\"@type\":\"SearchAction\",\"target\":{\"@type\":\"EntryPoint\",\"urlTemplate\":\"https:\\\/\\\/citizenscop.net\\\/2025\\\/?s={search_term_string}\"},\"query-input\":{\"@type\":\"PropertyValueSpecification\",\"valueRequired\":true,\"valueName\":\"search_term_string\"}}],\"inLanguage\":\"de\"}]}<\/script>\n<!-- \/ Yoast SEO plugin. -->","yoast_head_json":{"title":"Anmeldung ! - citizensCOP 2025","robots":{"index":"index","follow":"follow","max-snippet":"max-snippet:-1","max-image-preview":"max-image-preview:large","max-video-preview":"max-video-preview:-1"},"canonical":"https:\/\/citizenscop.net\/2025\/anmeldung\/","og_locale":"de_DE","og_type":"article","og_title":"Anmeldung ! - citizensCOP 2025","og_description":"Ja! ich will bei der ersten citizensCOP dabei sein&#8230; Deine Angaben werden ausgewertet und Du bekommst dann schnellstm\u00f6glich weitere Infos zugeschickt ;~)","og_url":"https:\/\/citizenscop.net\/2025\/anmeldung\/","og_site_name":"citizensCOP 2025","article_modified_time":"2025-11-18T11:17:39+00:00","og_image":[{"width":269,"height":327,"url":"https:\/\/citizenscop.net\/2025\/wp-content\/uploads\/2025\/10\/citizensCOP.net_superSkater_vier-Musketiere_269.jpg","type":"image\/jpeg"}],"twitter_card":"summary_large_image","twitter_misc":{"Gesch\u00e4tzte Lesezeit":"1\u00a0Minute"},"schema":{"@context":"https:\/\/schema.org","@graph":[{"@type":"WebPage","@id":"https:\/\/citizenscop.net\/2025\/anmeldung\/","url":"https:\/\/citizenscop.net\/2025\/anmeldung\/","name":"Anmeldung ! - citizensCOP 2025","isPartOf":{"@id":"https:\/\/citizenscop.net\/2025\/#website"},"primaryImageOfPage":{"@id":"https:\/\/citizenscop.net\/2025\/anmeldung\/#primaryimage"},"image":{"@id":"https:\/\/citizenscop.net\/2025\/anmeldung\/#primaryimage"},"thumbnailUrl":"https:\/\/citizenscop.net\/2025\/wp-content\/uploads\/2025\/10\/citizensCOP.net_superSkater_vier-Musketiere_269.jpg","datePublished":"2025-10-13T08:32:22+00:00","dateModified":"2025-11-18T11:17:39+00:00","breadcrumb":{"@id":"https:\/\/citizenscop.net\/2025\/anmeldung\/#breadcrumb"},"inLanguage":"de","potentialAction":[{"@type":"ReadAction","target":["https:\/\/citizenscop.net\/2025\/anmeldung\/"]}]},{"@type":"ImageObject","inLanguage":"de","@id":"https:\/\/citizenscop.net\/2025\/anmeldung\/#primaryimage","url":"https:\/\/citizenscop.net\/2025\/wp-content\/uploads\/2025\/10\/citizensCOP.net_superSkater_vier-Musketiere_269.jpg","contentUrl":"https:\/\/citizenscop.net\/2025\/wp-content\/uploads\/2025\/10\/citizensCOP.net_superSkater_vier-Musketiere_269.jpg","width":269,"height":327},{"@type":"BreadcrumbList","@id":"https:\/\/citizenscop.net\/2025\/anmeldung\/#breadcrumb","itemListElement":[{"@type":"ListItem","position":1,"name":"Startseite","item":"https:\/\/citizenscop.net\/2025\/"},{"@type":"ListItem","position":2,"name":"Anmeldung !"}]},{"@type":"WebSite","@id":"https:\/\/citizenscop.net\/2025\/#website","url":"https:\/\/citizenscop.net\/2025\/","name":"citizensCOP 2025","description":"self-organized into a just future","potentialAction":[{"@type":"SearchAction","target":{"@type":"EntryPoint","urlTemplate":"https:\/\/citizenscop.net\/2025\/?s={search_term_string}"},"query-input":{"@type":"PropertyValueSpecification","valueRequired":true,"valueName":"search_term_string"}}],"inLanguage":"de"}]}},"_links":{"self":[{"href":"https:\/\/citizenscop.net\/2025\/wp-json\/wp\/v2\/pages\/627","targetHints":{"allow":["GET"]}}],"collection":[{"href":"https:\/\/citizenscop.net\/2025\/wp-json\/wp\/v2\/pages"}],"about":[{"href":"https:\/\/citizenscop.net\/2025\/wp-json\/wp\/v2\/types\/page"}],"author":[{"embeddable":true,"href":"https:\/\/citizenscop.net\/2025\/wp-json\/wp\/v2\/users\/1"}],"replies":[{"embeddable":true,"href":"https:\/\/citizenscop.net\/2025\/wp-json\/wp\/v2\/comments?post=627"}],"version-history":[{"count":7,"href":"https:\/\/citizenscop.net\/2025\/wp-json\/wp\/v2\/pages\/627\/revisions"}],"predecessor-version":[{"id":1417,"href":"https:\/\/citizenscop.net\/2025\/wp-json\/wp\/v2\/pages\/627\/revisions\/1417"}],"wp:attachment":[{"href":"https:\/\/citizenscop.net\/2025\/wp-json\/wp\/v2\/media?parent=627"}],"curies":[{"name":"wp","href":"https:\/\/api.w.org\/{rel}","templated":true}]}}