{"id":477,"date":"2025-10-09T18:47:19","date_gmt":"2025-10-09T18:47:19","guid":{"rendered":"https:\/\/citizenscop.net\/2025\/?page_id=477"},"modified":"2025-11-17T12:43:47","modified_gmt":"2025-11-17T11:43:47","slug":"programm","status":"publish","type":"page","link":"https:\/\/citizenscop.net\/2025\/programm\/","title":{"rendered":"Programm-Archiv"},"content":{"rendered":"\n<h2 class=\"wp-block-heading\">Event-Kalender 27.10.~2.11.2025<\/h2>\n\n\n\n<figure data-wp-context=\"{&quot;imageId&quot;:&quot;69f8ef792d76b&quot;}\" data-wp-interactive=\"core\/image\" data-wp-key=\"69f8ef792d76b\" class=\"wp-block-image size-large wp-lightbox-container\"><img loading=\"lazy\" decoding=\"async\" width=\"1024\" height=\"504\" data-wp-class--hide=\"state.isContentHidden\" data-wp-class--show=\"state.isContentVisible\" data-wp-init=\"callbacks.setButtonStyles\" data-wp-on--click=\"actions.showLightbox\" data-wp-on--load=\"callbacks.setButtonStyles\" data-wp-on-window--resize=\"callbacks.setButtonStyles\" src=\"https:\/\/citizenscop.net\/2025\/wp-content\/uploads\/2025\/10\/citizensCOP.net_CalenderProgrammfinal_v31.10.2025-1024x504.jpg\" alt=\"\" class=\"wp-image-1371\" srcset=\"https:\/\/citizenscop.net\/2025\/wp-content\/uploads\/2025\/10\/citizensCOP.net_CalenderProgrammfinal_v31.10.2025-1024x504.jpg 1024w, https:\/\/citizenscop.net\/2025\/wp-content\/uploads\/2025\/10\/citizensCOP.net_CalenderProgrammfinal_v31.10.2025-300x148.jpg 300w, https:\/\/citizenscop.net\/2025\/wp-content\/uploads\/2025\/10\/citizensCOP.net_CalenderProgrammfinal_v31.10.2025-768x378.jpg 768w, https:\/\/citizenscop.net\/2025\/wp-content\/uploads\/2025\/10\/citizensCOP.net_CalenderProgrammfinal_v31.10.2025-1536x756.jpg 1536w, https:\/\/citizenscop.net\/2025\/wp-content\/uploads\/2025\/10\/citizensCOP.net_CalenderProgrammfinal_v31.10.2025.jpg 1969w\" sizes=\"auto, (max-width: 1024px) 100vw, 1024px\" \/><button\n\t\t\tclass=\"lightbox-trigger\"\n\t\t\ttype=\"button\"\n\t\t\taria-haspopup=\"dialog\"\n\t\t\taria-label=\"Vergr\u00f6\u00dfern\"\n\t\t\tdata-wp-init=\"callbacks.initTriggerButton\"\n\t\t\tdata-wp-on--click=\"actions.showLightbox\"\n\t\t\tdata-wp-style--right=\"state.imageButtonRight\"\n\t\t\tdata-wp-style--top=\"state.imageButtonTop\"\n\t\t>\n\t\t\t<svg xmlns=\"http:\/\/www.w3.org\/2000\/svg\" width=\"12\" height=\"12\" fill=\"none\" viewBox=\"0 0 12 12\">\n\t\t\t\t<path fill=\"#fff\" d=\"M2 0a2 2 0 0 0-2 2v2h1.5V2a.5.5 0 0 1 .5-.5h2V0H2Zm2 10.5H2a.5.5 0 0 1-.5-.5V8H0v2a2 2 0 0 0 2 2h2v-1.5ZM8 12v-1.5h2a.5.5 0 0 0 .5-.5V8H12v2a2 2 0 0 1-2 2H8Zm2-12a2 2 0 0 1 2 2v2h-1.5V2a.5.5 0 0 0-.5-.5H8V0h2Z\" \/>\n\t\t\t<\/svg>\n\t\t<\/button><figcaption class=\"wp-element-caption\"><strong>das Programm<\/strong> <strong>als Tabelle, klicken zum Vergr\u00f6\u00dfern<em> oder <a href=\"https:\/\/citizenscop.net\/2025\/wp-content\/uploads\/2025\/10\/citizensCOP.net_CalenderProgrammfinal_v31.10.2025.jpg\" target=\"_blank\" rel=\"noreferrer noopener\">hier anzeigen &#8230;<\/a><\/em><\/strong><\/figcaption><\/figure>\n\n\n\n<p>Montag 27. Oktober @ 16:00 &#8211; 16:50<\/p>\n\n\n\n<h3 class=\"wp-block-heading\"><a href=\"https:\/\/citizenscop.net\/2025\/event\/ackersyndikat-land-und-bauernhoefe-als-gemeingut-selbstorganisiert-unverkaeuflich-solidarisch-erprobt\/\">\ud83d\ude9c\ud83d\udc69\u200d\ud83c\udf3e Das Ackersyndikat ~ Land &amp; Bauernh\u00f6fe als Gemeingut ~ selbstorganisiert, unverk\u00e4uflich, solidarisch, erprobt<\/a><\/h3>\n\n\n\n<p>Montag 27. Oktober @ 17:00 &#8211; 17:50<\/p>\n\n\n\n<h3 class=\"wp-block-heading\"><a href=\"https:\/\/citizenscop.net\/2025\/event\/balkonsolar-selbstbauworkshops-verbesserung-der-teilhabe-am-klimaschutz-fuer-menschen-mit-wenig-geld\/\">\ud83c\udf1e\ud83c\udfe1 Balkonsolar-Selbstbauworkshops: Verbesserung der Teilhabe am Klimaschutz f\u00fcr Menschen mit wenig Geld<\/a><\/h3>\n\n\n\n<p>Montag 27. Oktober @ 18:00 &#8211; 18:50<\/p>\n\n\n\n<h3 class=\"wp-block-heading\"><a href=\"https:\/\/citizenscop.net\/2025\/event\/interaktive-karten-spielerisch-lokale-beteiligung-foerdern\/\">\ud83d\uddfa\ufe0f\ud83c\udfae Interaktive Karten APP ~ Spielerisch lokale Beteiligung f\u00f6rdern<\/a><\/h3>\n\n\n\n<p>Montag 27. Oktober @ 19:00 &#8211; 19:50<\/p>\n\n\n\n<h3 class=\"wp-block-heading\"><a href=\"https:\/\/citizenscop.net\/2025\/event\/bio-balkon-zu-selbstversorgung-nachhaltigem-und-tierfreundlichem-gaertnern-und-zur-foerderung-der-artenvielfalt-auf-kleinem-raum\/\">\ud83e\udd8b\ud83c\udf3b Bio-Balkon Teil 1 ~ Selbstversorgung, nachhaltiges &amp; tierfreundliches G\u00e4rtnern &amp; die F\u00f6rderung der Artenvielfalt auf kleinem Raum<\/a><\/h3>\n\n\n\n<p>Montag 27. Oktober @ 20:00 &#8211; 21:00<\/p>\n\n\n\n<h3 class=\"wp-block-heading\"><a href=\"https:\/\/citizenscop.net\/2025\/event\/twin-regions-wir-bringen-menschen-aus-nord-und-sued-zusammen-um-gemeinsam-co2-natuerlich-zu-binden-und-die-klimakrise-kostenguenstig-zu-meistern\/\">\ud83c\udf0d\ud83e\udd1d Twin Regions \u2013 Wir bringen Menschen aus Nord und S\u00fcd zusammen, um gemeinsam CO2 nat\u00fcrlich zu binden und die Klimakrise kosteng\u00fcnstig zu meistern.<\/a><\/h3>\n\n\n\n<figure class=\"wp-block-image size-full\"><img loading=\"lazy\" decoding=\"async\" width=\"469\" height=\"265\" src=\"https:\/\/citizenscop.net\/2025\/wp-content\/uploads\/2025\/10\/anim_citizensCOP.net_superSkaterBubble_469px_ezgif-optimize.gif\" alt=\"\" class=\"wp-image-735\"\/><\/figure>\n\n\n\n<p>Dienstag 28. Oktober @ 16:00 &#8211; 16:50<\/p>\n\n\n\n<h3 class=\"wp-block-heading\"><a href=\"https:\/\/citizenscop.net\/2025\/event\/gemeinschaftlicher-solarbau-grosse-dach-solaranlagen-selbst-bauen\/\">\ud83c\udf1e\ud83e\ude9b Gemeinschaftlicher Solarbau \u2013 gro\u00dfe Dach-Solaranlagen selbst bauen<\/a><\/h3>\n\n\n\n<p>Dienstag 28. Oktober @ 17:00 &#8211; 17:50<\/p>\n\n\n\n<h3 class=\"wp-block-heading\"><a href=\"https:\/\/citizenscop.net\/2025\/event\/wir-machen-unseren-supermarkt-selbst-als-genossenschaft-sehr-gute-lebensmittel-zu-guten-preisen-ein-gewinn-fuer-alle\/\">\ud83d\uded2\ud83c\udf52 Wir machen unseren Supermarkt als Genossenschaft selbst! ~ sehr gute Lebensmittel zu guten Preisen ~ ein Gewinn f\u00fcr alle!<\/a><\/h3>\n\n\n\n<p>Dienstag 28. Oktober @ 18:00 &#8211; 18:50<\/p>\n\n\n\n<h3 class=\"wp-block-heading\"><a href=\"https:\/\/citizenscop.net\/2025\/event\/diskussionsrunde-zur-dekarbonisierung\/\">\u26c5\u267b\ufe0f Dekarbonisierung &#8211; Sozialvertr\u00e4gliche Bepreisung von Treibhausgasen<\/a><\/h3>\n\n\n\n<p>Dienstag 28. Oktober @ 18:00 &#8211; 18:50<\/p>\n\n\n\n<h3 class=\"wp-block-heading\"><a href=\"https:\/\/citizenscop.net\/2025\/event\/klimapuzzle-klimawandel-verstehen-spielerisch-gemeinsam\/\">\ud83c\udf0d\ud83e\udde9 KlimaPuzzle ~ Klimawandel verstehen &#8211; spielerisch &amp; gemeinsam!<\/a><\/h3>\n\n\n\n<p>Dienstag 28. Oktober @ 19:00 &#8211; 19:50<\/p>\n\n\n\n<h3 class=\"wp-block-heading\"><a href=\"https:\/\/citizenscop.net\/2025\/event\/input-e-mobilitaet-e-auto-laden-ist-ueberall-super-easy\/\">\ud83d\ude97\ud83d\udd0b E-Mobilit\u00e4t ~ E-Auto laden ist \u00fcberall super easy<\/a><\/h3>\n\n\n\n<p>Dienstag 28. Oktober @ 19:00 &#8211; 19:50<\/p>\n\n\n\n<h3 class=\"wp-block-heading\"><a href=\"https:\/\/citizenscop.net\/2025\/event\/new-platform-deep-resonant-solidarity-ourworld-solutions\/\">\u270c\ufe0f\ud83d\udce2 engl.\ud83c\uddec\ud83c\udde7 new platform &gt; Deep Resonant Solidarity ~ OurWorld.Solutions<\/a><\/h3>\n\n\n\n<p>Dienstag 28. Oktober @ 20:00 &#8211; 21:00<\/p>\n\n\n\n<h3 class=\"wp-block-heading\"><a href=\"https:\/\/citizenscop.net\/2025\/event\/faschismus-zurueckrollen-demokratie-staerken\/\">\u270a\u2705 Faschismus zur\u00fcckrollen &#8211; Demokratie st\u00e4rken!<\/a><\/h3>\n\n\n\n<p>Mittwoch 29. Oktober @ 16:00 &#8211; 16:50<\/p>\n\n\n\n<h3 class=\"wp-block-heading\"><a href=\"https:\/\/citizenscop.net\/2025\/event\/urbane-essbare-waldgaerten\/\">\ud83c\udf32\ud83c\udf07 Urbane Waldg\u00e4rten: Mehrj\u00e4hrig, mehrschichtig, multifunktional<\/a><\/h3>\n\n\n\n<p>Mittwoch 29. Oktober @ 17:00 &#8211; 17:50<\/p>\n\n\n\n<h3 class=\"wp-block-heading\"><a href=\"https:\/\/citizenscop.net\/2025\/event\/diy-velomobil-teil-1-bau-dein-eigenes-velomobil-liegerad-mit-geschlossener-verkleidung-fuer-jedes-wetter-im-handumdrehen\/\">\ud83d\udeb4\u200d\u2640\ufe0f\ud83e\ude9a DIY Teil 1 Bau dein eigenes Velomobil ! (Liegerad mit geschlossener Verkleidung f\u00fcr jedes Wetter)<\/a><\/h3>\n\n\n\n<p>Mittwoch 29. Oktober @ 18:00 &#8211; 18:50<\/p>\n\n\n\n<h3 class=\"wp-block-heading\"><a href=\"https:\/\/citizenscop.net\/2025\/event\/die-gemeinwohl-oekonomie-gwoe-ist-ein-innovatives-nachhaltiges-wirtschaftsmodell-mit-dem-ziel-einer-ethischen-wirtschaftskultur\/\">\ud83d\udcb0\ud83e\udd1dGemeinwohl-\u00d6konomie (GW\u00d6) Teil 1 ~ ein innovatives, nachhaltiges Wirtschaftsmodell mit dem Ziel einer ethischen Wirtschaftskultur<\/a><\/h3>\n\n\n\n<p>Mittwoch 29. Oktober @ 19:00 &#8211; 19:50<\/p>\n\n\n\n<h3 class=\"wp-block-heading\"><a href=\"https:\/\/citizenscop.net\/2025\/event\/teil-1-das-klo-ein-transformatives-oertchen-workshops-zur-sanitaer-und-naehrstoffwende\/\">\ud83d\udebd\ud83d\udca9 Das Klo ~ ein transformatives \u00d6rtchen, Workshop zur Sanit\u00e4r-&amp; N\u00e4hrstoffwende<\/a><\/h3>\n\n\n\n<p>Mittwoch 29. Oktober @ 20:00 &#8211; 21:00<\/p>\n\n\n\n<h3 class=\"wp-block-heading\"><a href=\"https:\/\/citizenscop.net\/2025\/event\/terra-preta-die-grossen-potentiale-von-pflanzenkohlesubstraten-in-gartenbau-und-landwirtschaft\/\">\ud83d\udc68\u200d\ud83c\udf3e\ud83c\udf3d Terra Preta: Die gro\u00dfen Potentiale von Pflanzenkohlesubstraten in Gartenbau &amp; Landwirtschaft<\/a><\/h3>\n\n\n\n<p>Mittwoch 29. Oktober @ 20:00 &#8211; 21:00<\/p>\n\n\n\n<h3 class=\"wp-block-heading\"><a href=\"https:\/\/citizenscop.net\/2025\/event\/%f0%9f%8c%9e%f0%9f%8f%a1-balkonsolar-selbstbauworkshops-verbesserung-der-teilhabe-am-klimaschutz-fuer-menschen-mit-wenig-geld\/\">\ud83c\udf1e\ud83c\udfe1 Balkonsolar-Selbstbauworkshops: Verbesserung der Teilhabe am Klimaschutz f\u00fcr Menschen mit wenig Geld<\/a><\/h3>\n\n\n\n<p>Donnerstag 30. Oktober @ 16:00 &#8211; 16:50<\/p>\n\n\n\n<h3 class=\"wp-block-heading\"><a href=\"https:\/\/citizenscop.net\/2025\/event\/input-diskussionsrunde-zu-entschleunigung-schneller-hoeher-weiter-aber-wohin\/\">\ud83d\udea6\u23f1\ufe0f Schneller, h\u00f6her, weiter! \u00dcber den Wert der Entschleunigung<\/a><\/h3>\n\n\n\n<p>Donnerstag 30. Oktober @ 16:00 &#8211; 16:50<\/p>\n\n\n\n<h3 class=\"wp-block-heading\"><a href=\"https:\/\/citizenscop.net\/2025\/event\/diy-velomobil-teil-2-bau-dein-eigenes-velomobil-liegerad-mit-geschlossener-verkleidung-fuer-jedes-wetter-im-handumdrehen\/\">\ud83e\ude9a\ud83d\udeb2 DIY Teil 2 Bau dein eigenes Velomobil ! (Liegerad mit geschlossener Verkleidung f\u00fcr jedes Wetter)<\/a><\/h3>\n\n\n\n<p>Donnerstag 30. Oktober @ 17:00 &#8211; 17:50<\/p>\n\n\n\n<h3 class=\"wp-block-heading\"><a href=\"https:\/\/citizenscop.net\/2025\/event\/wohn-bauwende-am-beispiel-von-umbauturbo-im-speckguertel\/\">\ud83c\udfd8\ufe0f\ud83c\udfd7\ufe0f Wohn- &amp; Bauwende am Beispiel von \u201eUmbauturbo im Speckg\u00fcrtel\u201c<\/a><\/h3>\n\n\n\n<p>Donnerstag 30. Oktober @ 18:00 &#8211; 18:50<\/p>\n\n\n\n<h3 class=\"wp-block-heading\"><a href=\"https:\/\/citizenscop.net\/2025\/event\/teil-2-das-klo-ein-transformatives-oertchen-workshops-zur-sanitaer-und-naehrstoffwende\/\">\ud83d\udca9\ud83d\udebd Das Klo ~ ein transformatives \u00d6rtchen, Workshop zur Sanit\u00e4r-&amp; N\u00e4hrstoffwende<\/a><\/h3>\n\n\n\n<p>Donnerstag 30. Oktober @ 18:00 &#8211; 18:50<\/p>\n\n\n\n<h3 class=\"wp-block-heading\"><a href=\"https:\/\/citizenscop.net\/2025\/event\/switchcoal-profitabel-emissionen-reduzieren\/\">\ud83c\udf1e\ud83d\udd0b SwitchCoal ~ profitabel Emissionen reduzieren ~ switching Coal Plants into Renewable Powerhouses<\/a><\/h3>\n\n\n\n<p>Donnerstag 30. Oktober @ 19:00 &#8211; 19:50<\/p>\n\n\n\n<h3 class=\"wp-block-heading\"><a href=\"https:\/\/citizenscop.net\/2025\/event\/permakultur-und-essbarer-waldgarten\/\">\ud83c\udf33\ud83c\udf4e 1x pflanzen ~ immer essen! Permakultur &amp; Waldg\u00e4rten<\/a><\/h3>\n\n\n\n<p>Donnerstag 30. Oktober @ 19:00 &#8211; 19:50<\/p>\n\n\n\n<h3 class=\"wp-block-heading\"><a href=\"https:\/\/citizenscop.net\/2025\/event\/deutsches-sonnenmaerchen-auf-dem-sprung-ins-solare-zeitalter\/\">\ud83c\udf1e\ud83c\udf08 Buchvorstellung \u201eDeutsches Sonnenm\u00e4rchen\u201c ~ auf dem Sprung ins solare Zeitalter<\/a><\/h3>\n\n\n\n<p>Donnerstag 30. Oktober @ 20:00 &#8211; 21:00<\/p>\n\n\n\n<h3 class=\"wp-block-heading\"><a href=\"https:\/\/citizenscop.net\/2025\/event\/diskussionsrunde-brainstorming-zur-naechsten-citizenscop\/\">\ud83d\udc44\ud83e\udde0 Diskussionsrunde &amp; Brainstorming zur n\u00e4chsten citizensCOP<\/a><\/h3>\n\n\n\n<p>Samstag 1. November @ 10:00 &#8211; 12:00<\/p>\n\n\n\n<h3 class=\"wp-block-heading\"><a href=\"https:\/\/citizenscop.net\/2025\/event\/input-workshop-bio-balkon-zu-selbstversorgung-nachhaltigem-und-tierfreundlichem-gaertnern-und-zur-foerderung-der-artenvielfalt-auf-kleinem-raum\/\">\ud83c\udf3b\ud83e\udd8b Input &amp; Workshop Bio-Balkon zu Selbstversorgung, nachhaltigem und tierfreundlichem G\u00e4rtnern und zur F\u00f6rderung der Artenvielfalt auf kleinem Raum<\/a><\/h3>\n\n\n\n<p>Samstag 1. November @ 13:30 &#8211; 15:30<\/p>\n\n\n\n<h3 class=\"wp-block-heading\"><a href=\"https:\/\/citizenscop.net\/2025\/event\/workshop-brainstorming-zur-naechsten-citizenscop\/\">\ud83e\udde0\ud83d\udc44 Workshop zur n\u00e4chsten citizensCOP<\/a><\/h3>\n\n\n\n<p>Samstag 1. November @ 13:30 &#8211; 15:30<\/p>\n\n\n\n<h3 class=\"wp-block-heading\"><a href=\"https:\/\/citizenscop.net\/2025\/event\/%f0%9f%8c%9e%f0%9f%94%8b-switchcoal-profitabel-emissionen-reduzieren-switching-coal-plants-into-renewable-powerhouses\/\">\ud83c\udf1e\ud83d\udd0b SwitchCoal ~ profitabel Emissionen reduzieren ~ switching Coal Plants into Renewable Powerhouses<\/a><\/h3>\n\n\n\n<p>Samstag 1. November @ 16:30 &#8211; 18:30<\/p>\n\n\n\n<h3 class=\"wp-block-heading\"><a href=\"https:\/\/citizenscop.net\/2025\/event\/perspektiven-der-radikalen-arbeitszeitverkuerzung-am-beispiel-des-4-stunden-arbeitstags\/\">\u231a\ud83d\udea6 Der 4-StundenArbeitstag: Perspektiven der radikalen Arbeitszeitverk\u00fcrzung am Beispiel des 4 Stundentags<\/a><\/h3>\n\n\n\n<p>Samstag 1. November @ 16:30 &#8211; 18:30<\/p>\n\n\n\n<h3 class=\"wp-block-heading\"><a href=\"https:\/\/citizenscop.net\/2025\/event\/new-platform-deep-resonant-solidarity-ourworld-solutions_2\/\">\u270c\ufe0f\ud83d\udce2 engl.\ud83c\uddec\ud83c\udde7 new platform ~ Deep Resonant Solidarity ~ OurWorld.Solutions<\/a><\/h3>\n\n\n\n<p>Sonntag 2. November @ 9:30 &#8211; 11:30<\/p>\n\n\n\n<h3 class=\"wp-block-heading\"><a href=\"https:\/\/citizenscop.net\/2025\/event\/teil-3-das-klo-ein-transformatives-oertchen-workshops-zur-sanitaer-und-naehrstoffwende\/\">\ud83d\udebd\ud83d\udca9 Das Klo ~ ein transformatives \u00d6rtchen: Sinnesreise &amp; Infoblock + Quiz<\/a><\/h3>\n\n\n\n<p>Sonntag 2. November @ 9:30 &#8211; 11:30<\/p>\n\n\n\n<h3 class=\"wp-block-heading\"><a href=\"https:\/\/citizenscop.net\/2025\/event\/esswendegesundheit-klima-energie-drei-krisen-eine-loesung\/\">\ud83e\udd68\ud83c\udf53 #ESSwende: Gesundheit, Klima, Energie ~ Drei Krisen, eine L\u00f6sung!<\/a><\/h3>\n\n\n\n<p>Sonntag 2. November @ 12:00 &#8211; 13:00<\/p>\n\n\n\n<h3 class=\"wp-block-heading\"><a href=\"https:\/\/citizenscop.net\/2025\/event\/das-klo-teil-4-ein-transformatives-oertchen-workshops-zur-sanitaer-naehrstoffwende\/\">\ud83d\udca9\ud83d\udebd Das Klo ~ ein transformatives \u00d6rtchen: Umsetzungsbeispiele<\/a><\/h3>\n\n\n\n<p>Sonntag 2. November @ 12:00 &#8211; 14:00<\/p>\n\n\n\n<h3 class=\"wp-block-heading\"><a href=\"https:\/\/citizenscop.net\/2025\/event\/teil2-gemeinwohl-oekonomie-gwoe-ist-ein-innovatives-nachhaltiges-wirtschaftsmodell-mit-dem-ziel-einer-ethischen-wirtschaftskultur\/\">\ud83e\udd1d\ud83d\udcb0 Gemeinwohl-\u00d6konomie (GW\u00d6) Teil 2 ~ ein innovatives, nachhaltiges Wirtschaftsmodell mit dem Ziel einer ethischen Wirtschaftskultur<\/a><\/h3>\n\n\n\n<p><\/p>\n\n\n\n<h2 class=\"wp-block-heading\">Hier gehts zur <a href=\"https:\/\/citizenscop.net\/2025\/events\">Kalender Monatsansicht .. . <\/a><\/h2>\n","protected":false},"excerpt":{"rendered":"<p>Event-Kalender 27.10.~2.11.2025 Montag 27. Oktober @ 16:00 &#8211; 16:50 \ud83d\ude9c\ud83d\udc69\u200d\ud83c\udf3e Das Ackersyndikat ~ Land &amp; Bauernh\u00f6fe als Gemeingut ~ selbstorganisiert, unverk\u00e4uflich, solidarisch, erprobt Montag 27. Oktober @ 17:00 &#8211; 17:50 &hellip; <a href=\"https:\/\/citizenscop.net\/2025\/programm\/\" class=\"more-link\"><span class=\"screen-reader-text\">Programm-Archiv<\/span> weiterlesen <span class=\"meta-nav\">&rarr;<\/span><\/a><\/p>\n","protected":false},"author":1,"featured_media":0,"parent":0,"menu_order":0,"comment_status":"closed","ping_status":"closed","template":"","meta":{"footnotes":""},"class_list":["post-477","page","type-page","status-publish","hentry"],"yoast_head":"<!-- This site is optimized with the Yoast SEO plugin v27.5 - https:\/\/yoast.com\/product\/yoast-seo-wordpress\/ -->\n<title>Programm-Archiv - citizensCOP 2025<\/title>\n<meta name=\"robots\" content=\"index, follow, max-snippet:-1, max-image-preview:large, max-video-preview:-1\" \/>\n<link rel=\"canonical\" href=\"https:\/\/citizenscop.net\/2025\/programm\/\" \/>\n<meta property=\"og:locale\" content=\"de_DE\" \/>\n<meta property=\"og:type\" content=\"article\" \/>\n<meta property=\"og:title\" content=\"Programm-Archiv - citizensCOP 2025\" \/>\n<meta property=\"og:description\" content=\"Event-Kalender 27.10.~2.11.2025 Montag 27. Oktober @ 16:00 &#8211; 16:50 \ud83d\ude9c\ud83d\udc69\u200d\ud83c\udf3e Das Ackersyndikat ~ Land &amp; Bauernh\u00f6fe als Gemeingut ~ selbstorganisiert, unverk\u00e4uflich, solidarisch, erprobt Montag 27. Oktober @ 17:00 &#8211; 17:50 &hellip; Programm-Archiv weiterlesen &rarr;\" \/>\n<meta property=\"og:url\" content=\"https:\/\/citizenscop.net\/2025\/programm\/\" \/>\n<meta property=\"og:site_name\" content=\"citizensCOP 2025\" \/>\n<meta property=\"article:modified_time\" content=\"2025-11-17T11:43:47+00:00\" \/>\n<meta property=\"og:image\" content=\"https:\/\/citizenscop.net\/2025\/wp-content\/uploads\/2025\/10\/citizensCOP.net_CalenderProgrammfinal_v31.10.2025.jpg\" \/>\n\t<meta property=\"og:image:width\" content=\"1969\" \/>\n\t<meta property=\"og:image:height\" content=\"969\" \/>\n\t<meta property=\"og:image:type\" content=\"image\/jpeg\" \/>\n<meta name=\"twitter:card\" content=\"summary_large_image\" \/>\n<meta name=\"twitter:label1\" content=\"Gesch\u00e4tzte Lesezeit\" \/>\n\t<meta name=\"twitter:data1\" content=\"4\u00a0Minuten\" \/>\n<script type=\"application\/ld+json\" class=\"yoast-schema-graph\">{\"@context\":\"https:\\\/\\\/schema.org\",\"@graph\":[{\"@type\":\"WebPage\",\"@id\":\"https:\\\/\\\/citizenscop.net\\\/2025\\\/programm\\\/\",\"url\":\"https:\\\/\\\/citizenscop.net\\\/2025\\\/programm\\\/\",\"name\":\"Programm-Archiv - citizensCOP 2025\",\"isPartOf\":{\"@id\":\"https:\\\/\\\/citizenscop.net\\\/2025\\\/#website\"},\"primaryImageOfPage\":{\"@id\":\"https:\\\/\\\/citizenscop.net\\\/2025\\\/programm\\\/#primaryimage\"},\"image\":{\"@id\":\"https:\\\/\\\/citizenscop.net\\\/2025\\\/programm\\\/#primaryimage\"},\"thumbnailUrl\":\"https:\\\/\\\/citizenscop.net\\\/2025\\\/wp-content\\\/uploads\\\/2025\\\/10\\\/citizensCOP.net_CalenderProgrammfinal_v31.10.2025-1024x504.jpg\",\"datePublished\":\"2025-10-09T18:47:19+00:00\",\"dateModified\":\"2025-11-17T11:43:47+00:00\",\"breadcrumb\":{\"@id\":\"https:\\\/\\\/citizenscop.net\\\/2025\\\/programm\\\/#breadcrumb\"},\"inLanguage\":\"de\",\"potentialAction\":[{\"@type\":\"ReadAction\",\"target\":[\"https:\\\/\\\/citizenscop.net\\\/2025\\\/programm\\\/\"]}]},{\"@type\":\"ImageObject\",\"inLanguage\":\"de\",\"@id\":\"https:\\\/\\\/citizenscop.net\\\/2025\\\/programm\\\/#primaryimage\",\"url\":\"https:\\\/\\\/citizenscop.net\\\/2025\\\/wp-content\\\/uploads\\\/2025\\\/10\\\/citizensCOP.net_CalenderProgrammfinal_v31.10.2025.jpg\",\"contentUrl\":\"https:\\\/\\\/citizenscop.net\\\/2025\\\/wp-content\\\/uploads\\\/2025\\\/10\\\/citizensCOP.net_CalenderProgrammfinal_v31.10.2025.jpg\",\"width\":1969,\"height\":969},{\"@type\":\"BreadcrumbList\",\"@id\":\"https:\\\/\\\/citizenscop.net\\\/2025\\\/programm\\\/#breadcrumb\",\"itemListElement\":[{\"@type\":\"ListItem\",\"position\":1,\"name\":\"Startseite\",\"item\":\"https:\\\/\\\/citizenscop.net\\\/2025\\\/\"},{\"@type\":\"ListItem\",\"position\":2,\"name\":\"Programm-Archiv\"}]},{\"@type\":\"WebSite\",\"@id\":\"https:\\\/\\\/citizenscop.net\\\/2025\\\/#website\",\"url\":\"https:\\\/\\\/citizenscop.net\\\/2025\\\/\",\"name\":\"citizensCOP 2025\",\"description\":\"self-organized into a just future\",\"potentialAction\":[{\"@type\":\"SearchAction\",\"target\":{\"@type\":\"EntryPoint\",\"urlTemplate\":\"https:\\\/\\\/citizenscop.net\\\/2025\\\/?s={search_term_string}\"},\"query-input\":{\"@type\":\"PropertyValueSpecification\",\"valueRequired\":true,\"valueName\":\"search_term_string\"}}],\"inLanguage\":\"de\"}]}<\/script>\n<!-- \/ Yoast SEO plugin. -->","yoast_head_json":{"title":"Programm-Archiv - citizensCOP 2025","robots":{"index":"index","follow":"follow","max-snippet":"max-snippet:-1","max-image-preview":"max-image-preview:large","max-video-preview":"max-video-preview:-1"},"canonical":"https:\/\/citizenscop.net\/2025\/programm\/","og_locale":"de_DE","og_type":"article","og_title":"Programm-Archiv - citizensCOP 2025","og_description":"Event-Kalender 27.10.~2.11.2025 Montag 27. Oktober @ 16:00 &#8211; 16:50 \ud83d\ude9c\ud83d\udc69\u200d\ud83c\udf3e Das Ackersyndikat ~ Land &amp; Bauernh\u00f6fe als Gemeingut ~ selbstorganisiert, unverk\u00e4uflich, solidarisch, erprobt Montag 27. Oktober @ 17:00 &#8211; 17:50 &hellip; Programm-Archiv weiterlesen &rarr;","og_url":"https:\/\/citizenscop.net\/2025\/programm\/","og_site_name":"citizensCOP 2025","article_modified_time":"2025-11-17T11:43:47+00:00","og_image":[{"width":1969,"height":969,"url":"https:\/\/citizenscop.net\/2025\/wp-content\/uploads\/2025\/10\/citizensCOP.net_CalenderProgrammfinal_v31.10.2025.jpg","type":"image\/jpeg"}],"twitter_card":"summary_large_image","twitter_misc":{"Gesch\u00e4tzte Lesezeit":"4\u00a0Minuten"},"schema":{"@context":"https:\/\/schema.org","@graph":[{"@type":"WebPage","@id":"https:\/\/citizenscop.net\/2025\/programm\/","url":"https:\/\/citizenscop.net\/2025\/programm\/","name":"Programm-Archiv - citizensCOP 2025","isPartOf":{"@id":"https:\/\/citizenscop.net\/2025\/#website"},"primaryImageOfPage":{"@id":"https:\/\/citizenscop.net\/2025\/programm\/#primaryimage"},"image":{"@id":"https:\/\/citizenscop.net\/2025\/programm\/#primaryimage"},"thumbnailUrl":"https:\/\/citizenscop.net\/2025\/wp-content\/uploads\/2025\/10\/citizensCOP.net_CalenderProgrammfinal_v31.10.2025-1024x504.jpg","datePublished":"2025-10-09T18:47:19+00:00","dateModified":"2025-11-17T11:43:47+00:00","breadcrumb":{"@id":"https:\/\/citizenscop.net\/2025\/programm\/#breadcrumb"},"inLanguage":"de","potentialAction":[{"@type":"ReadAction","target":["https:\/\/citizenscop.net\/2025\/programm\/"]}]},{"@type":"ImageObject","inLanguage":"de","@id":"https:\/\/citizenscop.net\/2025\/programm\/#primaryimage","url":"https:\/\/citizenscop.net\/2025\/wp-content\/uploads\/2025\/10\/citizensCOP.net_CalenderProgrammfinal_v31.10.2025.jpg","contentUrl":"https:\/\/citizenscop.net\/2025\/wp-content\/uploads\/2025\/10\/citizensCOP.net_CalenderProgrammfinal_v31.10.2025.jpg","width":1969,"height":969},{"@type":"BreadcrumbList","@id":"https:\/\/citizenscop.net\/2025\/programm\/#breadcrumb","itemListElement":[{"@type":"ListItem","position":1,"name":"Startseite","item":"https:\/\/citizenscop.net\/2025\/"},{"@type":"ListItem","position":2,"name":"Programm-Archiv"}]},{"@type":"WebSite","@id":"https:\/\/citizenscop.net\/2025\/#website","url":"https:\/\/citizenscop.net\/2025\/","name":"citizensCOP 2025","description":"self-organized into a just future","potentialAction":[{"@type":"SearchAction","target":{"@type":"EntryPoint","urlTemplate":"https:\/\/citizenscop.net\/2025\/?s={search_term_string}"},"query-input":{"@type":"PropertyValueSpecification","valueRequired":true,"valueName":"search_term_string"}}],"inLanguage":"de"}]}},"_links":{"self":[{"href":"https:\/\/citizenscop.net\/2025\/wp-json\/wp\/v2\/pages\/477","targetHints":{"allow":["GET"]}}],"collection":[{"href":"https:\/\/citizenscop.net\/2025\/wp-json\/wp\/v2\/pages"}],"about":[{"href":"https:\/\/citizenscop.net\/2025\/wp-json\/wp\/v2\/types\/page"}],"author":[{"embeddable":true,"href":"https:\/\/citizenscop.net\/2025\/wp-json\/wp\/v2\/users\/1"}],"replies":[{"embeddable":true,"href":"https:\/\/citizenscop.net\/2025\/wp-json\/wp\/v2\/comments?post=477"}],"version-history":[{"count":38,"href":"https:\/\/citizenscop.net\/2025\/wp-json\/wp\/v2\/pages\/477\/revisions"}],"predecessor-version":[{"id":1413,"href":"https:\/\/citizenscop.net\/2025\/wp-json\/wp\/v2\/pages\/477\/revisions\/1413"}],"wp:attachment":[{"href":"https:\/\/citizenscop.net\/2025\/wp-json\/wp\/v2\/media?parent=477"}],"curies":[{"name":"wp","href":"https:\/\/api.w.org\/{rel}","templated":true}]}}