{"id":2,"date":"2025-08-06T08:49:05","date_gmt":"2025-08-06T08:49:05","guid":{"rendered":"https:\/\/citizenscop.net\/2025\/?page_id=2"},"modified":"2025-11-18T12:16:49","modified_gmt":"2025-11-18T11:16:49","slug":"sample-page","status":"publish","type":"page","link":"https:\/\/citizenscop.net\/2025\/","title":{"rendered":"Conference of the People"},"content":{"rendered":"\n<h2 class=\"wp-block-heading\">erste citizensCOP &#8211; mach mit <em>!<\/em> <br>27.10.- 30.10. Online &amp;   <br>1.11.- 2.11.25 vor Ort in Berlin<\/h2>\n\n\n\n<p class=\"has-background\" style=\"background:linear-gradient(135deg,rgb(157,219,255) 0%,rgb(168,255,187) 100%)\"><strong style=\"font-size:123%\">B\u00fcrger*innen-Konferenz f\u00fcr Demokratie, <\/strong><br><strong style=\"font-size:123%\">Menschenrechte, Klima-&amp; Umweltschutz<\/strong><br><span style=\"font-size:105%\"><strong>Ziel: die Sozial-\u00d6kologische Gesellschafts-Transformation <\/strong><\/span><br><strong>Motto: <\/strong><em style=\"font-size:105%\">&#8222;selbstorganisiert in eine gerechte Zukunft&#8220;<\/em> <\/p>\n\n\n\n<figure data-wp-context=\"{&quot;imageId&quot;:&quot;69e442460a699&quot;}\" data-wp-interactive=\"core\/image\" data-wp-key=\"69e442460a699\" class=\"wp-block-image size-full wp-lightbox-container\"><img loading=\"lazy\" decoding=\"async\" width=\"898\" height=\"634\" data-wp-class--hide=\"state.isContentHidden\" data-wp-class--show=\"state.isContentVisible\" data-wp-init=\"callbacks.setButtonStyles\" data-wp-on--click=\"actions.showLightbox\" data-wp-on--load=\"callbacks.setButtonStyles\" data-wp-on-window--resize=\"callbacks.setButtonStyles\" src=\"https:\/\/citizenscop.net\/2025\/wp-content\/uploads\/2025\/08\/citizensCOP_2025self-organized-into-a-just-future_solarpunk_realutopien-info.jpg\" alt=\"\" class=\"wp-image-24\" srcset=\"https:\/\/citizenscop.net\/2025\/wp-content\/uploads\/2025\/08\/citizensCOP_2025self-organized-into-a-just-future_solarpunk_realutopien-info.jpg 898w, https:\/\/citizenscop.net\/2025\/wp-content\/uploads\/2025\/08\/citizensCOP_2025self-organized-into-a-just-future_solarpunk_realutopien-info-300x212.jpg 300w, https:\/\/citizenscop.net\/2025\/wp-content\/uploads\/2025\/08\/citizensCOP_2025self-organized-into-a-just-future_solarpunk_realutopien-info-768x542.jpg 768w\" sizes=\"auto, (max-width: 898px) 100vw, 898px\" \/><button\n\t\t\tclass=\"lightbox-trigger\"\n\t\t\ttype=\"button\"\n\t\t\taria-haspopup=\"dialog\"\n\t\t\taria-label=\"Vergr\u00f6\u00dfern\"\n\t\t\tdata-wp-init=\"callbacks.initTriggerButton\"\n\t\t\tdata-wp-on--click=\"actions.showLightbox\"\n\t\t\tdata-wp-style--right=\"state.imageButtonRight\"\n\t\t\tdata-wp-style--top=\"state.imageButtonTop\"\n\t\t>\n\t\t\t<svg xmlns=\"http:\/\/www.w3.org\/2000\/svg\" width=\"12\" height=\"12\" fill=\"none\" viewBox=\"0 0 12 12\">\n\t\t\t\t<path fill=\"#fff\" d=\"M2 0a2 2 0 0 0-2 2v2h1.5V2a.5.5 0 0 1 .5-.5h2V0H2Zm2 10.5H2a.5.5 0 0 1-.5-.5V8H0v2a2 2 0 0 0 2 2h2v-1.5ZM8 12v-1.5h2a.5.5 0 0 0 .5-.5V8H12v2a2 2 0 0 1-2 2H8Zm2-12a2 2 0 0 1 2 2v2h-1.5V2a.5.5 0 0 0-.5-.5H8V0h2Z\" \/>\n\t\t\t<\/svg>\n\t\t<\/button><figcaption class=\"wp-element-caption\">SolarPunk Grafik von <a href=\"https:\/\/realutopien.info\" target=\"_blank\" rel=\"noreferrer noopener\">www.realutopien.info<\/a><\/figcaption><\/figure>\n\n\n\n<p><strong>\u2b50<\/strong> <strong>~ Ihr seid voller Tatendrang oder schon eifrig dabei ?<br>\u2b50<\/strong> <strong>~ Oder ihr wollt jetzt sogar was ganz neues starten ?!<br>\u2b50<\/strong> <strong>~ In jedem Fall ist da die citizensCOP das genau Richtige !<\/strong><\/p>\n\n\n\n<h2 class=\"wp-block-heading\">Hintergrund \u2013 warum eine citizensCOP ?!<\/h2>\n\n\n<div class=\"wp-block-image\">\n<figure class=\"aligncenter size-full\"><img loading=\"lazy\" decoding=\"async\" width=\"499\" height=\"499\" src=\"https:\/\/citizenscop.net\/2025\/wp-content\/uploads\/2025\/10\/citizensCOP.net_slides-noioi_499px_ezgif-opti_anim.gif\" alt=\"\" class=\"wp-image-653\"\/><\/figure>\n<\/div>\n\n\n<p>Die diesj\u00e4hrige <strong>Klima-COP30<\/strong> vom 10.11. bis 21.11.2025 in Brasilien wird, wie ihre Vorg\u00e4ngerkonferenzen, nicht zu effektiven Klimaschutzma\u00dfnahmen f\u00fchren, die n\u00e4chste <strong>Biodiversit\u00e4ts-COP<\/strong> wird das Massenaussterben nicht stoppen und die letzte <strong>Konferenz zum UN-Plastikabkommen<\/strong> war ebenfalls sehr ern\u00fcchternd.&nbsp;<\/p>\n\n\n\n<div class=\"wp-block-columns is-layout-flex wp-container-core-columns-is-layout-9d6595d7 wp-block-columns-is-layout-flex\">\n<div class=\"wp-block-column is-layout-flow wp-block-column-is-layout-flow\" style=\"flex-basis:100%\">\n<p class=\"has-background\" style=\"background:linear-gradient(135deg,rgb(178,255,200) 0%,rgb(177,250,255) 100%)\"><em><strong>&#8222;Probleme kann man niemals mit der selben Denkweise l\u00f6sen, <\/strong><\/em><br><em><strong>durch die sie entstanden sind.&#8220;<\/strong> <\/em> Albert Einstein<\/p>\n\n\n\n<p>Die <strong>globalen Krisen sind komplex verwoben<\/strong> und es bedarf daher nicht eindimensionalen Ans\u00e4tzen, sondern <strong>vielf\u00e4ltigen, vision\u00e4ren und lokal, regional bzw. \u00fcberregional angepassten L\u00f6sungen<\/strong>. Ma\u00dfnahmen k\u00f6nnen dabei kurz-, mittel- oder langfristig bzw. strategisch angelegt sein<\/p>\n<\/div>\n<\/div>\n\n\n\n<h2 class=\"wp-block-heading\">Themen<\/h2>\n\n\n\n<p>Es geht um ein transdisziplin\u00e4res bzw. interdisziplin\u00e4res Event, daher kommen im Prinzip alle sozial-\u00f6kologischen Themen in Frage &#8211; selbstverst\u00e4ndlich wissenschaftskonform, ohne Fakes und Geschwurbel. <\/p>\n\n\n\n<form name=\"zeile\">\n   <input style=\"color: green; font-weight: bold; border: 1px lightgreen ; border-style: dotted;\" name=\"fenster\" type=\"text\" size=\"80\">\n<\/form>\n\n\n\n<p><\/p>\n\n\n<div class=\"wp-block-image\">\n<figure class=\"aligncenter size-full is-resized\"><img loading=\"lazy\" decoding=\"async\" width=\"600\" height=\"600\" src=\"https:\/\/citizenscop.net\/2025\/wp-content\/uploads\/2025\/09\/citizensCOP.net_word-cloud_02aR600.jpg\" alt=\"Demokratie ~ Menschenrechte ~ Umweltschutz ~ Klimaschutz ~ Globale Entwicklung ~ Energiewende ~ Agrarwende ~ Ern\u00e4hrung ~ Kreislaufwirtschaft ~ Mobilit\u00e4tswende ~ Entschleunigung ~ DIY do it yourself ~ Bauwende ~ Wirtschafts-&amp; Finanzwende ~ Bildung ~ Forschung ~ Kunst ~ Kultur ~ neue Narrative ~ Nachhaltigkeit ~ &amp; weitere Themen . . \" class=\"wp-image-304\" style=\"width:512px;height:auto\" title=\"Demokratie ~ Menschenrechte ~ Umweltschutz ~ Klimaschutz ~ Globale Entwicklung ~ Energiewende ~ Agrarwende ~ Ern\u00e4hrung ~ Kreislaufwirtschaft ~ Mobilit\u00e4tswende ~ Entschleunigung ~ DIY do it yourself ~ Bauwende ~ Wirtschafts-&amp; Finanzwende ~ Bildung ~ Forschung ~ Kunst ~ Kultur ~ neue Narrative ~ Nachhaltigkeit ~ &amp; weitere Themen . . \" srcset=\"https:\/\/citizenscop.net\/2025\/wp-content\/uploads\/2025\/09\/citizensCOP.net_word-cloud_02aR600.jpg 600w, https:\/\/citizenscop.net\/2025\/wp-content\/uploads\/2025\/09\/citizensCOP.net_word-cloud_02aR600-300x300.jpg 300w, https:\/\/citizenscop.net\/2025\/wp-content\/uploads\/2025\/09\/citizensCOP.net_word-cloud_02aR600-150x150.jpg 150w\" sizes=\"auto, (max-width: 600px) 100vw, 600px\" \/><\/figure>\n<\/div>\n\n\n<h2 class=\"wp-block-heading\"><strong>Ziele <\/strong><\/h2>\n\n\n\n<p><strong>Es soll \u2026<\/strong><\/p>\n\n\n\n<ol class=\"wp-block-list\">\n<li>\u2b50 \u00fcber<strong> Projekte, neue <strong>Ideen, Konzepte, <\/strong>Erfahrungen<\/strong> etc. informiert werden,<\/li>\n\n\n\n<li>\u2b50 damit man sich dar\u00fcber <strong>austauschen<\/strong> und<strong> vernetzen<\/strong> kann,<\/li>\n\n\n\n<li>\u2b50 um dann <strong>viele neue Mitstreiter*innen zu finden<\/strong> um richtig durchzustarten&#8230;<\/li>\n<\/ol>\n\n\n\n<h2 class=\"wp-block-heading\"><strong>Zielgruppen <\/strong>&amp; mehr Infos<\/h2>\n\n\n<div class=\"wp-block-image\">\n<figure class=\"alignright size-full is-resized\"><img loading=\"lazy\" decoding=\"async\" width=\"199\" height=\"241\" src=\"https:\/\/citizenscop.net\/2025\/wp-content\/uploads\/2025\/10\/anim_citizensCOP.net_4x_superSkater_199px_opti.gif\" alt=\"\" class=\"wp-image-744\" style=\"width:168px;height:auto\"\/><\/figure>\n<\/div>\n\n\n<ul class=\"wp-block-list\">\n<li>Zielgruppen sind ein <strong>breites Spektrum von Personen und Organisationen<\/strong> (sowohl mit BottomUp-, als auch TopDown-Ans\u00e4tzen)<\/li>\n\n\n\n<li>Mehr Details findest Du hier im <strong><a href=\"https:\/\/citizenscop.net\/2025\/citizenscop-konzept\">citizensCOP-Konzept &#8230;<\/a><\/strong><\/li>\n<\/ul>\n\n\n\n<h2 class=\"wp-block-heading\">Ja, ich will bei der <br>ersten citizensCOP dabei sein !<\/h2>\n\n\n<div class=\"wp-block-image\">\n<figure class=\"alignright size-full is-resized\"><a href=\"https:\/\/citizenscop.net\/2025\/anmeldung\"><img loading=\"lazy\" decoding=\"async\" width=\"304\" height=\"86\" src=\"https:\/\/citizenscop.net\/2025\/wp-content\/uploads\/2025\/09\/Anmeldung_Button.png\" alt=\"\" class=\"wp-image-133\" style=\"width:188px;height:auto\" title=\"jetzt Mitmachen !\" srcset=\"https:\/\/citizenscop.net\/2025\/wp-content\/uploads\/2025\/09\/Anmeldung_Button.png 304w, https:\/\/citizenscop.net\/2025\/wp-content\/uploads\/2025\/09\/Anmeldung_Button-300x85.png 300w\" sizes=\"auto, (max-width: 304px) 100vw, 304px\" \/><\/a><\/figure>\n<\/div>\n\n\n<p class=\"has-dark-gray-color has-text-color has-link-color has-medium-font-size wp-elements-f5c54d47c7587c71ed5cf27717e5b17d\"><strong>Erfahre hier mehr dar\u00fcber, wie Du <\/strong><br><strong>mitmachen, teilnehmen oder unterst\u00fctzen kannst &#8230;<\/strong> <\/p>\n\n\n\n<h2 class=\"wp-block-heading\">Online- &amp; Pr\u00e4senz-<strong>Zeiten<\/strong><\/h2>\n\n\n\n<ul class=\"wp-block-list\">\n<li><strong>Montag 27.10. bis Donnerstag 30.10.2025 ONLINE<\/strong>\n<ul class=\"wp-block-list\">\n<li>16-21 Uhr jeweils 1-Stunden-Slots f\u00fcr Pr\u00e4sentationen und\/oder Workshops<\/li>\n<\/ul>\n<\/li>\n<\/ul>\n\n\n\n<ul class=\"wp-block-list\">\n<li><strong>Samstag 1.11.25 Pr\u00e4senz in Berlin<\/strong>\n<ul class=\"wp-block-list\">\n<li>9:20-9:50 Ankommen<\/li>\n\n\n\n<li>9:50-10 Begr\u00fc\u00dfung<\/li>\n\n\n\n<li>10-12 <strong>Workshops A<\/strong><\/li>\n\n\n\n<li>12-13:30 Pause 1<\/li>\n\n\n\n<li>13:30-15:30 <strong>Workshops B<\/strong><\/li>\n\n\n\n<li>15:30-16:30 Pause 2<\/li>\n\n\n\n<li>16:30-18:30 <strong>Workshops C<\/strong><\/li>\n\n\n\n<li>18:30-19:00 Feedbackrunde<\/li>\n<\/ul>\n<\/li>\n<\/ul>\n\n\n\n<ul class=\"wp-block-list\">\n<li><strong>Sonntag 2.11.25 Pr\u00e4senz in Berlin<\/strong>\n<ul class=\"wp-block-list\">\n<li> 9:30-11:30 <strong>Workshops D<\/strong><\/li>\n\n\n\n<li>11:30-12 Pause<\/li>\n\n\n\n<li>12-14 <strong>Workshops E<\/strong><\/li>\n\n\n\n<li>14-14:30 Feedbackrunde &amp; Abbau<\/li>\n<\/ul>\n<\/li>\n<\/ul>\n\n\n\n<p><\/p>\n","protected":false},"excerpt":{"rendered":"<p>erste citizensCOP &#8211; mach mit ! 27.10.- 30.10. Online &amp; 1.11.- 2.11.25 vor Ort in Berlin B\u00fcrger*innen-Konferenz f\u00fcr Demokratie, Menschenrechte, Klima-&amp; UmweltschutzZiel: die Sozial-\u00d6kologische Gesellschafts-Transformation Motto: &#8222;selbstorganisiert in eine gerechte &hellip; <a href=\"https:\/\/citizenscop.net\/2025\/\" class=\"more-link\"><span class=\"screen-reader-text\">Conference of the People<\/span> weiterlesen <span class=\"meta-nav\">&rarr;<\/span><\/a><\/p>\n","protected":false},"author":1,"featured_media":0,"parent":0,"menu_order":0,"comment_status":"closed","ping_status":"open","template":"","meta":{"footnotes":""},"class_list":["post-2","page","type-page","status-publish","hentry"],"yoast_head":"<!-- This site is optimized with the Yoast SEO plugin v27.4 - https:\/\/yoast.com\/product\/yoast-seo-wordpress\/ -->\n<title>Conference of the People - citizensCOP 2025<\/title>\n<meta name=\"robots\" content=\"index, follow, max-snippet:-1, max-image-preview:large, max-video-preview:-1\" \/>\n<link rel=\"canonical\" href=\"https:\/\/citizenscop.net\/2025\/\" \/>\n<meta property=\"og:locale\" content=\"de_DE\" \/>\n<meta property=\"og:type\" content=\"article\" \/>\n<meta property=\"og:title\" content=\"Conference of the People - citizensCOP 2025\" \/>\n<meta property=\"og:description\" content=\"erste citizensCOP &#8211; mach mit ! 27.10.- 30.10. Online &amp; 1.11.- 2.11.25 vor Ort in Berlin B\u00fcrger*innen-Konferenz f\u00fcr Demokratie, Menschenrechte, Klima-&amp; UmweltschutzZiel: die Sozial-\u00d6kologische Gesellschafts-Transformation Motto: &#8222;selbstorganisiert in eine gerechte &hellip; Conference of the People weiterlesen &rarr;\" \/>\n<meta property=\"og:url\" content=\"https:\/\/citizenscop.net\/2025\/\" \/>\n<meta property=\"og:site_name\" content=\"citizensCOP 2025\" \/>\n<meta property=\"article:modified_time\" content=\"2025-11-18T11:16:49+00:00\" \/>\n<meta property=\"og:image\" content=\"https:\/\/citizenscop.net\/2025\/wp-content\/uploads\/2025\/08\/citizensCOP_2025self-organized-into-a-just-future_solarpunk_realutopien-info.jpg\" \/>\n\t<meta property=\"og:image:width\" content=\"898\" \/>\n\t<meta property=\"og:image:height\" content=\"634\" \/>\n\t<meta property=\"og:image:type\" content=\"image\/jpeg\" \/>\n<meta name=\"twitter:card\" content=\"summary_large_image\" \/>\n<meta name=\"twitter:label1\" content=\"Gesch\u00e4tzte Lesezeit\" \/>\n\t<meta name=\"twitter:data1\" content=\"3\u00a0Minuten\" \/>\n<script type=\"application\/ld+json\" class=\"yoast-schema-graph\">{\"@context\":\"https:\\\/\\\/schema.org\",\"@graph\":[{\"@type\":\"WebPage\",\"@id\":\"https:\\\/\\\/citizenscop.net\\\/2025\\\/\",\"url\":\"https:\\\/\\\/citizenscop.net\\\/2025\\\/\",\"name\":\"Conference of the People - citizensCOP 2025\",\"isPartOf\":{\"@id\":\"https:\\\/\\\/citizenscop.net\\\/2025\\\/#website\"},\"primaryImageOfPage\":{\"@id\":\"https:\\\/\\\/citizenscop.net\\\/2025\\\/#primaryimage\"},\"image\":{\"@id\":\"https:\\\/\\\/citizenscop.net\\\/2025\\\/#primaryimage\"},\"thumbnailUrl\":\"https:\\\/\\\/citizenscop.net\\\/2025\\\/wp-content\\\/uploads\\\/2025\\\/08\\\/citizensCOP_2025self-organized-into-a-just-future_solarpunk_realutopien-info.jpg\",\"datePublished\":\"2025-08-06T08:49:05+00:00\",\"dateModified\":\"2025-11-18T11:16:49+00:00\",\"breadcrumb\":{\"@id\":\"https:\\\/\\\/citizenscop.net\\\/2025\\\/#breadcrumb\"},\"inLanguage\":\"de\",\"potentialAction\":[{\"@type\":\"ReadAction\",\"target\":[\"https:\\\/\\\/citizenscop.net\\\/2025\\\/\"]}]},{\"@type\":\"ImageObject\",\"inLanguage\":\"de\",\"@id\":\"https:\\\/\\\/citizenscop.net\\\/2025\\\/#primaryimage\",\"url\":\"https:\\\/\\\/citizenscop.net\\\/2025\\\/wp-content\\\/uploads\\\/2025\\\/08\\\/citizensCOP_2025self-organized-into-a-just-future_solarpunk_realutopien-info.jpg\",\"contentUrl\":\"https:\\\/\\\/citizenscop.net\\\/2025\\\/wp-content\\\/uploads\\\/2025\\\/08\\\/citizensCOP_2025self-organized-into-a-just-future_solarpunk_realutopien-info.jpg\",\"width\":898,\"height\":634},{\"@type\":\"BreadcrumbList\",\"@id\":\"https:\\\/\\\/citizenscop.net\\\/2025\\\/#breadcrumb\",\"itemListElement\":[{\"@type\":\"ListItem\",\"position\":1,\"name\":\"Startseite\",\"item\":\"https:\\\/\\\/citizenscop.net\\\/2025\\\/\"},{\"@type\":\"ListItem\",\"position\":2,\"name\":\"Conference of the People\"}]},{\"@type\":\"WebSite\",\"@id\":\"https:\\\/\\\/citizenscop.net\\\/2025\\\/#website\",\"url\":\"https:\\\/\\\/citizenscop.net\\\/2025\\\/\",\"name\":\"citizensCOP 2025\",\"description\":\"self-organized into a just future\",\"potentialAction\":[{\"@type\":\"SearchAction\",\"target\":{\"@type\":\"EntryPoint\",\"urlTemplate\":\"https:\\\/\\\/citizenscop.net\\\/2025\\\/?s={search_term_string}\"},\"query-input\":{\"@type\":\"PropertyValueSpecification\",\"valueRequired\":true,\"valueName\":\"search_term_string\"}}],\"inLanguage\":\"de\"}]}<\/script>\n<!-- \/ Yoast SEO plugin. -->","yoast_head_json":{"title":"Conference of the People - citizensCOP 2025","robots":{"index":"index","follow":"follow","max-snippet":"max-snippet:-1","max-image-preview":"max-image-preview:large","max-video-preview":"max-video-preview:-1"},"canonical":"https:\/\/citizenscop.net\/2025\/","og_locale":"de_DE","og_type":"article","og_title":"Conference of the People - citizensCOP 2025","og_description":"erste citizensCOP &#8211; mach mit ! 27.10.- 30.10. Online &amp; 1.11.- 2.11.25 vor Ort in Berlin B\u00fcrger*innen-Konferenz f\u00fcr Demokratie, Menschenrechte, Klima-&amp; UmweltschutzZiel: die Sozial-\u00d6kologische Gesellschafts-Transformation Motto: &#8222;selbstorganisiert in eine gerechte &hellip; Conference of the People weiterlesen &rarr;","og_url":"https:\/\/citizenscop.net\/2025\/","og_site_name":"citizensCOP 2025","article_modified_time":"2025-11-18T11:16:49+00:00","og_image":[{"width":898,"height":634,"url":"https:\/\/citizenscop.net\/2025\/wp-content\/uploads\/2025\/08\/citizensCOP_2025self-organized-into-a-just-future_solarpunk_realutopien-info.jpg","type":"image\/jpeg"}],"twitter_card":"summary_large_image","twitter_misc":{"Gesch\u00e4tzte Lesezeit":"3\u00a0Minuten"},"schema":{"@context":"https:\/\/schema.org","@graph":[{"@type":"WebPage","@id":"https:\/\/citizenscop.net\/2025\/","url":"https:\/\/citizenscop.net\/2025\/","name":"Conference of the People - citizensCOP 2025","isPartOf":{"@id":"https:\/\/citizenscop.net\/2025\/#website"},"primaryImageOfPage":{"@id":"https:\/\/citizenscop.net\/2025\/#primaryimage"},"image":{"@id":"https:\/\/citizenscop.net\/2025\/#primaryimage"},"thumbnailUrl":"https:\/\/citizenscop.net\/2025\/wp-content\/uploads\/2025\/08\/citizensCOP_2025self-organized-into-a-just-future_solarpunk_realutopien-info.jpg","datePublished":"2025-08-06T08:49:05+00:00","dateModified":"2025-11-18T11:16:49+00:00","breadcrumb":{"@id":"https:\/\/citizenscop.net\/2025\/#breadcrumb"},"inLanguage":"de","potentialAction":[{"@type":"ReadAction","target":["https:\/\/citizenscop.net\/2025\/"]}]},{"@type":"ImageObject","inLanguage":"de","@id":"https:\/\/citizenscop.net\/2025\/#primaryimage","url":"https:\/\/citizenscop.net\/2025\/wp-content\/uploads\/2025\/08\/citizensCOP_2025self-organized-into-a-just-future_solarpunk_realutopien-info.jpg","contentUrl":"https:\/\/citizenscop.net\/2025\/wp-content\/uploads\/2025\/08\/citizensCOP_2025self-organized-into-a-just-future_solarpunk_realutopien-info.jpg","width":898,"height":634},{"@type":"BreadcrumbList","@id":"https:\/\/citizenscop.net\/2025\/#breadcrumb","itemListElement":[{"@type":"ListItem","position":1,"name":"Startseite","item":"https:\/\/citizenscop.net\/2025\/"},{"@type":"ListItem","position":2,"name":"Conference of the People"}]},{"@type":"WebSite","@id":"https:\/\/citizenscop.net\/2025\/#website","url":"https:\/\/citizenscop.net\/2025\/","name":"citizensCOP 2025","description":"self-organized into a just future","potentialAction":[{"@type":"SearchAction","target":{"@type":"EntryPoint","urlTemplate":"https:\/\/citizenscop.net\/2025\/?s={search_term_string}"},"query-input":{"@type":"PropertyValueSpecification","valueRequired":true,"valueName":"search_term_string"}}],"inLanguage":"de"}]}},"_links":{"self":[{"href":"https:\/\/citizenscop.net\/2025\/wp-json\/wp\/v2\/pages\/2","targetHints":{"allow":["GET"]}}],"collection":[{"href":"https:\/\/citizenscop.net\/2025\/wp-json\/wp\/v2\/pages"}],"about":[{"href":"https:\/\/citizenscop.net\/2025\/wp-json\/wp\/v2\/types\/page"}],"author":[{"embeddable":true,"href":"https:\/\/citizenscop.net\/2025\/wp-json\/wp\/v2\/users\/1"}],"replies":[{"embeddable":true,"href":"https:\/\/citizenscop.net\/2025\/wp-json\/wp\/v2\/comments?post=2"}],"version-history":[{"count":98,"href":"https:\/\/citizenscop.net\/2025\/wp-json\/wp\/v2\/pages\/2\/revisions"}],"predecessor-version":[{"id":1416,"href":"https:\/\/citizenscop.net\/2025\/wp-json\/wp\/v2\/pages\/2\/revisions\/1416"}],"wp:attachment":[{"href":"https:\/\/citizenscop.net\/2025\/wp-json\/wp\/v2\/media?parent=2"}],"curies":[{"name":"wp","href":"https:\/\/api.w.org\/{rel}","templated":true}]}}